{"id":58,"date":"2020-12-16T08:31:29","date_gmt":"2020-12-16T08:31:29","guid":{"rendered":"http:\/\/www.pudel.me\/?page_id=58"},"modified":"2021-03-05T13:10:09","modified_gmt":"2021-03-05T13:10:09","slug":"aktivity-v-okoli","status":"publish","type":"page","link":"http:\/\/www.pudel.me\/?page_id=58","title":{"rendered":"Aktivity v okol\u00ed"},"content":{"rendered":"\t\t<div data-elementor-type=\"wp-page\" data-elementor-id=\"58\" class=\"elementor elementor-58\" data-elementor-settings=\"[]\">\n\t\t\t\t\t\t<div class=\"elementor-inner\">\n\t\t\t\t\t\t\t<div class=\"elementor-section-wrap\">\n\t\t\t\t\t\t\t<section class=\"elementor-section elementor-top-section elementor-element elementor-element-5f29bf4 elementor-section-boxed elementor-section-height-default elementor-section-height-default\" data-id=\"5f29bf4\" data-element_type=\"section\">\n\t\t\t\t\t\t<div class=\"elementor-container elementor-column-gap-default\">\n\t\t\t\t\t\t\t<div class=\"elementor-row\">\n\t\t\t\t\t<div class=\"elementor-column elementor-col-100 elementor-top-column elementor-element elementor-element-4e03807\" data-id=\"4e03807\" data-element_type=\"column\">\n\t\t\t<div class=\"elementor-column-wrap elementor-element-populated\">\n\t\t\t\t\t\t\t<div class=\"elementor-widget-wrap\">\n\t\t\t\t\t\t<div class=\"elementor-element elementor-element-acb371c elementor-widget elementor-widget-spacer\" data-id=\"acb371c\" data-element_type=\"widget\" data-widget_type=\"spacer.default\">\n\t\t\t\t<div class=\"elementor-widget-container\">\n\t\t\t\t\t<div class=\"elementor-spacer\">\n\t\t\t<div class=\"elementor-spacer-inner\"><\/div>\n\t\t<\/div>\n\t\t\t\t<\/div>\n\t\t\t\t<\/div>\n\t\t\t\t\t\t<\/div>\n\t\t\t\t\t<\/div>\n\t\t<\/div>\n\t\t\t\t\t\t\t\t<\/div>\n\t\t\t\t\t<\/div>\n\t\t<\/section>\n\t\t\t\t<section class=\"elementor-section elementor-top-section elementor-element elementor-element-d56cb29 elementor-section-boxed elementor-section-height-default elementor-section-height-default\" data-id=\"d56cb29\" data-element_type=\"section\">\n\t\t\t\t\t\t<div class=\"elementor-container elementor-column-gap-default\">\n\t\t\t\t\t\t\t<div class=\"elementor-row\">\n\t\t\t\t\t<div class=\"elementor-column elementor-col-100 elementor-top-column elementor-element elementor-element-f196e0f\" data-id=\"f196e0f\" data-element_type=\"column\">\n\t\t\t<div class=\"elementor-column-wrap elementor-element-populated\">\n\t\t\t\t\t\t\t<div class=\"elementor-widget-wrap\">\n\t\t\t\t\t\t<div class=\"elementor-element elementor-element-177fca0 elementor-widget elementor-widget-heading\" data-id=\"177fca0\" data-element_type=\"widget\" data-widget_type=\"heading.default\">\n\t\t\t\t<div class=\"elementor-widget-container\">\n\t\t\t<h2 class=\"elementor-heading-title elementor-size-default\">Aktivity v okol\u00ed<\/h2>\t\t<\/div>\n\t\t\t\t<\/div>\n\t\t\t\t\t\t<\/div>\n\t\t\t\t\t<\/div>\n\t\t<\/div>\n\t\t\t\t\t\t\t\t<\/div>\n\t\t\t\t\t<\/div>\n\t\t<\/section>\n\t\t\t\t<section class=\"elementor-section elementor-top-section elementor-element elementor-element-cb04098 elementor-section-boxed elementor-section-height-default elementor-section-height-default\" data-id=\"cb04098\" data-element_type=\"section\">\n\t\t\t\t\t\t<div class=\"elementor-container elementor-column-gap-default\">\n\t\t\t\t\t\t\t<div class=\"elementor-row\">\n\t\t\t\t\t<div class=\"elementor-column elementor-col-20 elementor-top-column elementor-element elementor-element-243fab1\" data-id=\"243fab1\" data-element_type=\"column\">\n\t\t\t<div class=\"elementor-column-wrap\">\n\t\t\t\t\t\t\t<div class=\"elementor-widget-wrap\">\n\t\t\t\t\t\t\t\t<\/div>\n\t\t\t\t\t<\/div>\n\t\t<\/div>\n\t\t\t\t<div class=\"elementor-column elementor-col-20 elementor-top-column elementor-element elementor-element-386433b\" data-id=\"386433b\" data-element_type=\"column\">\n\t\t\t<div class=\"elementor-column-wrap elementor-element-populated\">\n\t\t\t\t\t\t\t<div class=\"elementor-widget-wrap\">\n\t\t\t\t\t\t<div class=\"elementor-element elementor-element-267ef68 elementor-widget elementor-widget-image\" data-id=\"267ef68\" data-element_type=\"widget\" data-widget_type=\"image.default\">\n\t\t\t\t<div class=\"elementor-widget-container\">\n\t\t\t\t\t<div class=\"elementor-image\">\n\t\t\t\t\t\t\t\t\t\t<img width=\"757\" height=\"426\" src=\"http:\/\/www.pudel.me\/wp-content\/uploads\/2021\/02\/uploads-images-atrakcie-prirodne-janosikovediery-jpg-crop-757x426-1.jpg\" class=\"attachment-full size-full\" alt=\"\" loading=\"lazy\" srcset=\"http:\/\/www.pudel.me\/wp-content\/uploads\/2021\/02\/uploads-images-atrakcie-prirodne-janosikovediery-jpg-crop-757x426-1.jpg 757w, http:\/\/www.pudel.me\/wp-content\/uploads\/2021\/02\/uploads-images-atrakcie-prirodne-janosikovediery-jpg-crop-757x426-1-300x169.jpg 300w, http:\/\/www.pudel.me\/wp-content\/uploads\/2021\/02\/uploads-images-atrakcie-prirodne-janosikovediery-jpg-crop-757x426-1-24x14.jpg 24w, http:\/\/www.pudel.me\/wp-content\/uploads\/2021\/02\/uploads-images-atrakcie-prirodne-janosikovediery-jpg-crop-757x426-1-36x20.jpg 36w, http:\/\/www.pudel.me\/wp-content\/uploads\/2021\/02\/uploads-images-atrakcie-prirodne-janosikovediery-jpg-crop-757x426-1-48x27.jpg 48w\" sizes=\"(max-width: 757px) 100vw, 757px\" \/>\t\t\t\t\t\t\t\t\t\t\t<\/div>\n\t\t\t\t<\/div>\n\t\t\t\t<\/div>\n\t\t\t\t<div class=\"elementor-element elementor-element-0a0a6c8 elementor-widget elementor-widget-heading\" data-id=\"0a0a6c8\" data-element_type=\"widget\" data-widget_type=\"heading.default\">\n\t\t\t\t<div class=\"elementor-widget-container\">\n\t\t\t<h2 class=\"elementor-heading-title elementor-size-default\">Turistika<\/h2>\t\t<\/div>\n\t\t\t\t<\/div>\n\t\t\t\t<div class=\"elementor-element elementor-element-b9a2941 elementor-widget-divider--view-line elementor-widget elementor-widget-divider\" data-id=\"b9a2941\" data-element_type=\"widget\" data-widget_type=\"divider.default\">\n\t\t\t\t<div class=\"elementor-widget-container\">\n\t\t\t\t\t<div class=\"elementor-divider\">\n\t\t\t<span class=\"elementor-divider-separator\">\n\t\t\t\t\t\t<\/span>\n\t\t<\/div>\n\t\t\t\t<\/div>\n\t\t\t\t<\/div>\n\t\t\t\t<div class=\"elementor-element elementor-element-a9ea481 elementor-widget elementor-widget-text-editor\" data-id=\"a9ea481\" data-element_type=\"widget\" data-widget_type=\"text-editor.default\">\n\t\t\t\t<div class=\"elementor-widget-container\">\n\t\t\t\t\t<div class=\"elementor-text-editor elementor-clearfix\"><p>Relat\u00edvne \u013eahk\u00e1 dostupnos\u0165 hrebe\u0148a, (dlh\u00e9ho a\u017e 52 kilometrov) je ve\u013ekou v\u00fdhodou v\u00e4\u010d\u0161iny turistick\u00fdch tr\u00e1s. V oblasti je zhruba 150 kilometrov zna\u010dkovan\u00fdch chodn\u00edkov.<\/p><\/div>\n\t\t\t\t<\/div>\n\t\t\t\t<\/div>\n\t\t\t\t\t\t<\/div>\n\t\t\t\t\t<\/div>\n\t\t<\/div>\n\t\t\t\t<div class=\"elementor-column elementor-col-20 elementor-top-column elementor-element elementor-element-01cb734\" data-id=\"01cb734\" data-element_type=\"column\">\n\t\t\t<div class=\"elementor-column-wrap elementor-element-populated\">\n\t\t\t\t\t\t\t<div class=\"elementor-widget-wrap\">\n\t\t\t\t\t\t<div class=\"elementor-element elementor-element-5b2c328 elementor-widget elementor-widget-image\" data-id=\"5b2c328\" data-element_type=\"widget\" data-widget_type=\"image.default\">\n\t\t\t\t<div class=\"elementor-widget-container\">\n\t\t\t\t\t<div class=\"elementor-image\">\n\t\t\t\t\t\t\t\t\t\t<img src=\"http:\/\/www.pudel.me\/wp-content\/uploads\/elementor\/thumbs\/bela-lezecka-oblast-e1493377047567-p28006h756f6eglwt6mtu11t9f38nn5kyff7ds2mtc.jpg\" title=\"bela-lezecka-oblast-e1493377047567\" alt=\"bela-lezecka-oblast-e1493377047567\" \/>\t\t\t\t\t\t\t\t\t\t\t<\/div>\n\t\t\t\t<\/div>\n\t\t\t\t<\/div>\n\t\t\t\t<div class=\"elementor-element elementor-element-fb77139 elementor-widget elementor-widget-heading\" data-id=\"fb77139\" data-element_type=\"widget\" data-widget_type=\"heading.default\">\n\t\t\t\t<div class=\"elementor-widget-container\">\n\t\t\t<h2 class=\"elementor-heading-title elementor-size-default\">Horolezectvo<\/h2>\t\t<\/div>\n\t\t\t\t<\/div>\n\t\t\t\t<div class=\"elementor-element elementor-element-5c82e6c elementor-widget-divider--view-line elementor-widget elementor-widget-divider\" data-id=\"5c82e6c\" data-element_type=\"widget\" data-widget_type=\"divider.default\">\n\t\t\t\t<div class=\"elementor-widget-container\">\n\t\t\t\t\t<div class=\"elementor-divider\">\n\t\t\t<span class=\"elementor-divider-separator\">\n\t\t\t\t\t\t<\/span>\n\t\t<\/div>\n\t\t\t\t<\/div>\n\t\t\t\t<\/div>\n\t\t\t\t<div class=\"elementor-element elementor-element-1e6cf29 elementor-widget elementor-widget-text-editor\" data-id=\"1e6cf29\" data-element_type=\"widget\" data-widget_type=\"text-editor.default\">\n\t\t\t\t<div class=\"elementor-widget-container\">\n\t\t\t\t\t<div class=\"elementor-text-editor elementor-clearfix\"><p>P\u00e1r kilometrov od Terchovej je fantastick\u00e1 horolezeck\u00e1 oblas\u0165 s n\u00e1zvom \u201eBel\u00e1\u201c. Mno\u017estvo skalolezeck\u00fdch ciest je \u013eahkej, strednej aj vysokej obtia\u017enosti.<\/p><\/div>\n\t\t\t\t<\/div>\n\t\t\t\t<\/div>\n\t\t\t\t\t\t<\/div>\n\t\t\t\t\t<\/div>\n\t\t<\/div>\n\t\t\t\t<div class=\"elementor-column elementor-col-20 elementor-top-column elementor-element elementor-element-97b4c44\" data-id=\"97b4c44\" data-element_type=\"column\">\n\t\t\t<div class=\"elementor-column-wrap elementor-element-populated\">\n\t\t\t\t\t\t\t<div class=\"elementor-widget-wrap\">\n\t\t\t\t\t\t<div class=\"elementor-element elementor-element-8de6aa6 elementor-widget elementor-widget-image\" data-id=\"8de6aa6\" data-element_type=\"widget\" data-widget_type=\"image.default\">\n\t\t\t\t<div class=\"elementor-widget-container\">\n\t\t\t\t\t<div class=\"elementor-image\">\n\t\t\t\t\t\t\t\t\t\t<img width=\"768\" height=\"432\" src=\"http:\/\/www.pudel.me\/wp-content\/uploads\/2021\/02\/skialp-mala-fatra-hrebenovka-zo-sucheho-vrchu-768x432.jpg\" class=\"attachment-medium_large size-medium_large\" alt=\"\" loading=\"lazy\" srcset=\"http:\/\/www.pudel.me\/wp-content\/uploads\/2021\/02\/skialp-mala-fatra-hrebenovka-zo-sucheho-vrchu-768x432.jpg 768w, http:\/\/www.pudel.me\/wp-content\/uploads\/2021\/02\/skialp-mala-fatra-hrebenovka-zo-sucheho-vrchu-300x169.jpg 300w, http:\/\/www.pudel.me\/wp-content\/uploads\/2021\/02\/skialp-mala-fatra-hrebenovka-zo-sucheho-vrchu-1024x576.jpg 1024w, http:\/\/www.pudel.me\/wp-content\/uploads\/2021\/02\/skialp-mala-fatra-hrebenovka-zo-sucheho-vrchu-24x14.jpg 24w, http:\/\/www.pudel.me\/wp-content\/uploads\/2021\/02\/skialp-mala-fatra-hrebenovka-zo-sucheho-vrchu-36x20.jpg 36w, http:\/\/www.pudel.me\/wp-content\/uploads\/2021\/02\/skialp-mala-fatra-hrebenovka-zo-sucheho-vrchu-48x27.jpg 48w, http:\/\/www.pudel.me\/wp-content\/uploads\/2021\/02\/skialp-mala-fatra-hrebenovka-zo-sucheho-vrchu.jpg 1200w\" sizes=\"(max-width: 768px) 100vw, 768px\" \/>\t\t\t\t\t\t\t\t\t\t\t<\/div>\n\t\t\t\t<\/div>\n\t\t\t\t<\/div>\n\t\t\t\t<div class=\"elementor-element elementor-element-da17924 elementor-widget elementor-widget-heading\" data-id=\"da17924\" data-element_type=\"widget\" data-widget_type=\"heading.default\">\n\t\t\t\t<div class=\"elementor-widget-container\">\n\t\t\t<h2 class=\"elementor-heading-title elementor-size-default\">Skialpinizmus<\/h2>\t\t<\/div>\n\t\t\t\t<\/div>\n\t\t\t\t<div class=\"elementor-element elementor-element-89dd0d7 elementor-widget-divider--view-line elementor-widget elementor-widget-divider\" data-id=\"89dd0d7\" data-element_type=\"widget\" data-widget_type=\"divider.default\">\n\t\t\t\t<div class=\"elementor-widget-container\">\n\t\t\t\t\t<div class=\"elementor-divider\">\n\t\t\t<span class=\"elementor-divider-separator\">\n\t\t\t\t\t\t<\/span>\n\t\t<\/div>\n\t\t\t\t<\/div>\n\t\t\t\t<\/div>\n\t\t\t\t<div class=\"elementor-element elementor-element-9136c45 elementor-widget elementor-widget-text-editor\" data-id=\"9136c45\" data-element_type=\"widget\" data-widget_type=\"text-editor.default\">\n\t\t\t\t<div class=\"elementor-widget-container\">\n\t\t\t\t\t<div class=\"elementor-text-editor elementor-clearfix\"><p>V oblasti Malej Fatry je mno\u017estvo v\u00fdstupov\u00fdch tr\u00e1s pre skialpinistov ale aj mo\u017enos\u0165 na zjazd vo vo\u013enom ter\u00e9ne.<\/p><\/div>\n\t\t\t\t<\/div>\n\t\t\t\t<\/div>\n\t\t\t\t\t\t<\/div>\n\t\t\t\t\t<\/div>\n\t\t<\/div>\n\t\t\t\t<div class=\"elementor-column elementor-col-20 elementor-top-column elementor-element elementor-element-c10a0ca\" data-id=\"c10a0ca\" data-element_type=\"column\">\n\t\t\t<div class=\"elementor-column-wrap\">\n\t\t\t\t\t\t\t<div class=\"elementor-widget-wrap\">\n\t\t\t\t\t\t\t\t<\/div>\n\t\t\t\t\t<\/div>\n\t\t<\/div>\n\t\t\t\t\t\t\t\t<\/div>\n\t\t\t\t\t<\/div>\n\t\t<\/section>\n\t\t\t\t\t\t<\/div>\n\t\t\t\t\t\t<\/div>\n\t\t\t\t\t<\/div>\n\t\t","protected":false},"excerpt":{"rendered":"<p>Aktivity v okol\u00ed Turistika Relat\u00edvne \u013eahk\u00e1 dostupnos\u0165 hrebe\u0148a, (dlh\u00e9ho a\u017e 52 kilometrov) je ve\u013ekou v\u00fdhodou v\u00e4\u010d\u0161iny turistick\u00fdch tr\u00e1s. V oblasti je zhruba 150 kilometrov zna\u010dkovan\u00fdch chodn\u00edkov. Horolezectvo P\u00e1r kilometrov od Terchovej je fantastick\u00e1 horolezeck\u00e1 oblas\u0165 s n\u00e1zvom \u201eBel\u00e1\u201c. Mno\u017estvo skalolezeck\u00fdch ciest je \u013eahkej, strednej aj vysokej obtia\u017enosti. Skialpinizmus V oblasti Malej Fatry je mno\u017estvo v\u00fdstupov\u00fdch &#8230; <a title=\"Aktivity v okol\u00ed\" class=\"read-more\" href=\"http:\/\/www.pudel.me\/?page_id=58\" aria-label=\"More on Aktivity v okol\u00ed\">Read more<\/a><\/p>\n","protected":false},"author":1,"featured_media":0,"parent":0,"menu_order":0,"comment_status":"closed","ping_status":"closed","template":"","meta":[],"_links":{"self":[{"href":"http:\/\/www.pudel.me\/index.php?rest_route=\/wp\/v2\/pages\/58"}],"collection":[{"href":"http:\/\/www.pudel.me\/index.php?rest_route=\/wp\/v2\/pages"}],"about":[{"href":"http:\/\/www.pudel.me\/index.php?rest_route=\/wp\/v2\/types\/page"}],"author":[{"embeddable":true,"href":"http:\/\/www.pudel.me\/index.php?rest_route=\/wp\/v2\/users\/1"}],"replies":[{"embeddable":true,"href":"http:\/\/www.pudel.me\/index.php?rest_route=%2Fwp%2Fv2%2Fcomments&post=58"}],"version-history":[{"count":11,"href":"http:\/\/www.pudel.me\/index.php?rest_route=\/wp\/v2\/pages\/58\/revisions"}],"predecessor-version":[{"id":555,"href":"http:\/\/www.pudel.me\/index.php?rest_route=\/wp\/v2\/pages\/58\/revisions\/555"}],"wp:attachment":[{"href":"http:\/\/www.pudel.me\/index.php?rest_route=%2Fwp%2Fv2%2Fmedia&parent=58"}],"curies":[{"name":"wp","href":"https:\/\/api.w.org\/{rel}","templated":true}]}}